{"id":1790,"date":"2024-06-06T14:47:44","date_gmt":"2024-06-06T14:47:44","guid":{"rendered":"https:\/\/cabanyero.es\/presupuestador\/?post_type=product&#038;p=1790"},"modified":"2024-06-06T14:48:21","modified_gmt":"2024-06-06T14:48:21","slug":"presupuestador-puertas-original-2","status":"publish","type":"product","link":"https:\/\/cabanyero.es\/presupuestador\/producto\/presupuestador-puertas-original-2\/","title":{"rendered":"Presupuestador Puertas (original)"},"content":{"rendered":"<p style=\"text-align: left;\">Hemos creado este simulador de presupuesto para que, en funci\u00f3n de tus caracter\u00edsticas escogidas, puedas saber cu\u00e1l ser\u00eda el presupuesto aproximadamente de las nuevas puertas de tu hogar.<\/p>\n","protected":false},"excerpt":{"rendered":"<p>Hemos creado este simulador de presupuesto para que, en funci\u00f3n de tus caracter\u00edsticas escogidas, puedas saber cu\u00e1l ser\u00eda el presupuesto aproximadamente de las nuevas puertas de tu hogar.<\/p>\n","protected":false},"featured_media":91,"template":"","meta":[],"product_cat":[15],"product_tag":[],"class_list":{"0":"post-1790","1":"product","2":"type-product","3":"status-publish","4":"has-post-thumbnail","6":"product_cat-sin-categoria","8":"first","9":"instock","10":"virtual","11":"purchasable","12":"product-type-simple"},"_links":{"self":[{"href":"https:\/\/cabanyero.es\/presupuestador\/wp-json\/wp\/v2\/product\/1790","targetHints":{"allow":["GET"]}}],"collection":[{"href":"https:\/\/cabanyero.es\/presupuestador\/wp-json\/wp\/v2\/product"}],"about":[{"href":"https:\/\/cabanyero.es\/presupuestador\/wp-json\/wp\/v2\/types\/product"}],"version-history":[{"count":2,"href":"https:\/\/cabanyero.es\/presupuestador\/wp-json\/wp\/v2\/product\/1790\/revisions"}],"predecessor-version":[{"id":1798,"href":"https:\/\/cabanyero.es\/presupuestador\/wp-json\/wp\/v2\/product\/1790\/revisions\/1798"}],"wp:featuredmedia":[{"embeddable":true,"href":"https:\/\/cabanyero.es\/presupuestador\/wp-json\/wp\/v2\/media\/91"}],"wp:attachment":[{"href":"https:\/\/cabanyero.es\/presupuestador\/wp-json\/wp\/v2\/media?parent=1790"}],"wp:term":[{"taxonomy":"product_cat","embeddable":true,"href":"https:\/\/cabanyero.es\/presupuestador\/wp-json\/wp\/v2\/product_cat?post=1790"},{"taxonomy":"product_tag","embeddable":true,"href":"https:\/\/cabanyero.es\/presupuestador\/wp-json\/wp\/v2\/product_tag?post=1790"}],"curies":[{"name":"wp","href":"https:\/\/api.w.org\/{rel}","templated":true}]}}