{"id":1830,"date":"2024-07-02T09:47:12","date_gmt":"2024-07-02T09:47:12","guid":{"rendered":"https:\/\/cabanyero.es\/presupuestador\/?post_type=product&#038;p=1830"},"modified":"2024-07-03T07:30:18","modified_gmt":"2024-07-03T07:30:18","slug":"presupuestador-puertas-nuevo","status":"publish","type":"product","link":"https:\/\/cabanyero.es\/presupuestador\/producto\/presupuestador-puertas-nuevo\/","title":{"rendered":"Presupuestador Puertas nuevo"},"content":{"rendered":"<p style=\"text-align: left;\">Hemos creado este simulador de presupuesto para que, en funci\u00f3n de tus caracter\u00edsticas escogidas, puedas saber cu\u00e1l ser\u00eda el presupuesto aproximadamente de las nuevas puertas de tu hogar.<\/p>\n","protected":false},"excerpt":{"rendered":"<p>Hemos creado este simulador de presupuesto para que, en funci\u00f3n de tus caracter\u00edsticas escogidas, puedas saber cu\u00e1l ser\u00eda el presupuesto aproximadamente de las nuevas puertas de tu hogar.<\/p>\n","protected":false},"featured_media":91,"template":"","meta":[],"product_cat":[15],"product_tag":[],"class_list":{"0":"post-1830","1":"product","2":"type-product","3":"status-publish","4":"has-post-thumbnail","6":"product_cat-sin-categoria","8":"first","9":"instock","10":"virtual","11":"purchasable","12":"product-type-simple"},"_links":{"self":[{"href":"https:\/\/cabanyero.es\/presupuestador\/wp-json\/wp\/v2\/product\/1830","targetHints":{"allow":["GET"]}}],"collection":[{"href":"https:\/\/cabanyero.es\/presupuestador\/wp-json\/wp\/v2\/product"}],"about":[{"href":"https:\/\/cabanyero.es\/presupuestador\/wp-json\/wp\/v2\/types\/product"}],"version-history":[{"count":4,"href":"https:\/\/cabanyero.es\/presupuestador\/wp-json\/wp\/v2\/product\/1830\/revisions"}],"predecessor-version":[{"id":1835,"href":"https:\/\/cabanyero.es\/presupuestador\/wp-json\/wp\/v2\/product\/1830\/revisions\/1835"}],"wp:featuredmedia":[{"embeddable":true,"href":"https:\/\/cabanyero.es\/presupuestador\/wp-json\/wp\/v2\/media\/91"}],"wp:attachment":[{"href":"https:\/\/cabanyero.es\/presupuestador\/wp-json\/wp\/v2\/media?parent=1830"}],"wp:term":[{"taxonomy":"product_cat","embeddable":true,"href":"https:\/\/cabanyero.es\/presupuestador\/wp-json\/wp\/v2\/product_cat?post=1830"},{"taxonomy":"product_tag","embeddable":true,"href":"https:\/\/cabanyero.es\/presupuestador\/wp-json\/wp\/v2\/product_tag?post=1830"}],"curies":[{"name":"wp","href":"https:\/\/api.w.org\/{rel}","templated":true}]}}